{"id":5085,"date":"2015-09-29T08:56:35","date_gmt":"2015-09-29T08:56:35","guid":{"rendered":"http:\/\/themes.themegoods.com\/photography\/demo1\/?page_id=5085"},"modified":"2024-04-01T14:11:49","modified_gmt":"2024-04-01T12:11:49","slug":"quienes-somos","status":"publish","type":"page","link":"https:\/\/foroeventos.com\/index.php\/pages\/quienes-somos\/","title":{"rendered":"Quienes Somos"},"content":{"rendered":"<div  class=\"one fullwidth \"><\/div>\n<div class=\"standard_wrapper\">\n<div  class=\"one_third withsmallpadding ppb_text\" style=\"margin-bottom: 0 !important;padding:50px 0 50px 0;\" >\n<div class=\"standard_wrapper\">\n<div class=\"page_content_wrapper\">\n<div class=\"inner\">\n<div style=\"margin:auto;width:100%\">\n<h5>Organizaci\u00f3n de Eventos<\/h5>\n<p>Somos una compa\u00f1ia dedicada a la documentaci\u00f3n, amenizaci\u00f3n, organizaci\u00f3n, animaci\u00f3n y gesti\u00f3n de eventos institucionales, empresariales y sociales.<\/p>\n<\/div>\n<\/div>\n<\/div>\n<\/div>\n<\/div>\n<\/div>\n<div class=\"standard_wrapper\">\n<div  class=\"one_third withsmallpadding ppb_text\" style=\"margin-bottom: 0 !important;padding:50px 0 50px 0;\" >\n<div class=\"standard_wrapper\">\n<div class=\"page_content_wrapper\">\n<div class=\"inner\">\n<div style=\"margin:auto;width:100%\">\n<h5>Animaci\u00f3n de Eventos<\/h5>\n<p>Uno de nuestros servicios es la animaci\u00f3n de eventos sociales contando con la participaci\u00f3n activa durante las horas contratadas de Dj y discoteca, payasos, animadores, mariachis, carnavalitos, solistas y mas.<\/p>\n<\/div>\n<\/div>\n<\/div>\n<\/div>\n<\/div>\n<\/div>\n<div class=\"standard_wrapper\">\n<div  class=\"one_third last withsmallpadding ppb_text\" style=\"margin-bottom: 0 !important;padding:50px 0 50px 0;\" >\n<div class=\"standard_wrapper\">\n<div class=\"page_content_wrapper\">\n<div class=\"inner\">\n<div style=\"margin:auto;width:100%\">\n<h5>Foto y Video de Eventos<\/h5>\n<p>Nuestro servicio de fotograf\u00eda y v\u00eddeo es elaborado durante un evento social, institucional y empresarial con calidad m\u00e1xima en edici\u00f3n FULL HD, CR2 para entregar historias con una mayor calidad de trabajo.<\/p>\n<\/div>\n<\/div>\n<\/div>\n<\/div>\n<\/div>\n<\/div>\n<div  class=\"one withsmallpadding ppb_text\" style=\"padding:30px 0 30px 0;\" >\n<div class=\"standard_wrapper\">\n<div class=\"page_content_wrapper\">\n<div class=\"inner\">\n<div style=\"margin:auto;width:100%\">\n<hr\/>\n<\/div>\n<\/div>\n<\/div>\n<\/div>\n<\/div>\n<div  class=\"one withsmallpadding ppb_header \" style=\"padding-bottom:0 !important;text-align:center;padding:30px 0 30px 0;\" >\n<div class=\"standard_wrapper\">\n<div class=\"page_content_wrapper\">\n<div class=\"inner\">\n<div style=\"margin:auto;width:50%\">\n<h2 class=\"ppb_title\" style=\"\">Organizadores de Eventos Sociales en El Salvador<\/h2>\n<hr class=\"title_break center\" style=\"\"\/>\n<div class=\"ppb_header_content\">\n<p>\u00a0<\/p>\n<p><img decoding=\"async\" src=\"https:\/\/foroeventos.com\/wp-content\/uploads\/2024\/03\/logo_negro-1.png\" alt=\"\" \/><\/p>\n<\/div>\n<\/div>\n<\/div>\n<\/div>\n<\/div>\n<\/div>\n<div  class=\"one\" style=\"padding:0px 0 0px 0;\" >\n<div class=\"page_content_wrapper withbg \" style=\"background-image:url(https:\/\/foroeventos.com\/wp-content\/uploads\/2024\/03\/Evento-Corporativo.jpg);background-size:cover;background-position:center bottom;height:600px;position:relative;\"><\/div>\n<\/div>\n","protected":false},"excerpt":{"rendered":"","protected":false},"author":1,"featured_media":0,"parent":2434,"menu_order":0,"comment_status":"closed","ping_status":"closed","template":"","meta":{"_monsterinsights_skip_tracking":false,"_monsterinsights_sitenote_active":false,"_monsterinsights_sitenote_note":"","_monsterinsights_sitenote_category":0,"footnotes":""},"aioseo_notices":[],"_links":{"self":[{"href":"https:\/\/foroeventos.com\/index.php\/wp-json\/wp\/v2\/pages\/5085"}],"collection":[{"href":"https:\/\/foroeventos.com\/index.php\/wp-json\/wp\/v2\/pages"}],"about":[{"href":"https:\/\/foroeventos.com\/index.php\/wp-json\/wp\/v2\/types\/page"}],"author":[{"embeddable":true,"href":"https:\/\/foroeventos.com\/index.php\/wp-json\/wp\/v2\/users\/1"}],"replies":[{"embeddable":true,"href":"https:\/\/foroeventos.com\/index.php\/wp-json\/wp\/v2\/comments?post=5085"}],"version-history":[{"count":7,"href":"https:\/\/foroeventos.com\/index.php\/wp-json\/wp\/v2\/pages\/5085\/revisions"}],"predecessor-version":[{"id":5862,"href":"https:\/\/foroeventos.com\/index.php\/wp-json\/wp\/v2\/pages\/5085\/revisions\/5862"}],"up":[{"embeddable":true,"href":"https:\/\/foroeventos.com\/index.php\/wp-json\/wp\/v2\/pages\/2434"}],"wp:attachment":[{"href":"https:\/\/foroeventos.com\/index.php\/wp-json\/wp\/v2\/media?parent=5085"}],"curies":[{"name":"wp","href":"https:\/\/api.w.org\/{rel}","templated":true}]}}